{"id":410,"date":"2024-01-16T10:30:13","date_gmt":"2024-01-16T10:30:13","guid":{"rendered":"https:\/\/www.giantmarine.com\/?page_id=410"},"modified":"2025-10-31T10:46:25","modified_gmt":"2025-10-31T10:46:25","slug":"pontons-barges-semi-sub","status":"publish","type":"page","link":"https:\/\/www.giantmarine.com\/index.php\/fr\/pontons-barges-semi-sub\/","title":{"rendered":"Pontons et barges semi-sub"},"content":{"rendered":"\n<p><\/p>\n\n\n\n<div class=\"wp-block-media-text alignwide is-stacked-on-mobile\" style=\"grid-template-columns:36% auto\"><figure class=\"wp-block-media-text__media\"><a href=\"https:\/\/www.hebo-maritiemservice.com\/en\/\" target=\"_blank\" rel=\"noopener\"><img loading=\"lazy\" decoding=\"async\" width=\"440\" height=\"121\" src=\"https:\/\/www.giantmarine.com\/uploads\/2021\/05\/hebo.png\" alt=\"\" class=\"wp-image-44 size-full\" srcset=\"https:\/\/www.giantmarine.com\/uploads\/2021\/05\/hebo.png 440w, https:\/\/www.giantmarine.com\/uploads\/2021\/05\/hebo-300x83.png 300w\" sizes=\"auto, (max-width: 440px) 100vw, 440px\" \/><\/a><\/figure><div class=\"wp-block-media-text__content\">\n<p style=\"font-size:22px\">En tant qu&#8217;agent exclusif en France de notre partenaire <strong>Hebo MaritiemService<\/strong>, nous sommes en mesure de proposer \u00e0 nos clients un large \u00e9ventail de pontons de 16 \u00e0 105m et de barges semi-submersibles et d&#8217;accommodation barge. Retrouvez-ici leurs <a href=\"https:\/\/giantmarine-my.sharepoint.com\/:b:\/p\/maxence_de-broissia\/EdzTxRJXPvVFtIr20I7l6DkBXfojkHGI-4H3QvG8C7MVVg?e=88fajF\" data-type=\"attachment\" data-id=\"366\" target=\"_blank\" rel=\"noreferrer noopener\">caract\u00e9ristiques techniques<\/a>  et contactez-nous pour plus d&#8217;informations. <\/p>\n\n\n\n<hr class=\"wp-block-separator has-css-opacity\"\/>\n<\/div><\/div>\n\n\n\n<figure class=\"wp-block-image size-full\"><img loading=\"lazy\" decoding=\"async\" width=\"1024\" height=\"682\" src=\"https:\/\/www.giantmarine.com\/uploads\/2024\/01\/HEBO-P41-transport-pontoon-1024x682-2.jpg\" alt=\"\" class=\"wp-image-368\" srcset=\"https:\/\/www.giantmarine.com\/uploads\/2024\/01\/HEBO-P41-transport-pontoon-1024x682-2.jpg 1024w, https:\/\/www.giantmarine.com\/uploads\/2024\/01\/HEBO-P41-transport-pontoon-1024x682-2-300x200.jpg 300w, https:\/\/www.giantmarine.com\/uploads\/2024\/01\/HEBO-P41-transport-pontoon-1024x682-2-768x512.jpg 768w, https:\/\/www.giantmarine.com\/uploads\/2024\/01\/HEBO-P41-transport-pontoon-1024x682-2-180x120.jpg 180w\" sizes=\"auto, (max-width: 1024px) 100vw, 1024px\" \/><\/figure>\n\n\n\n<figure class=\"wp-block-image size-large\"><img loading=\"lazy\" decoding=\"async\" width=\"1024\" height=\"559\" src=\"https:\/\/new.giantmarine.com\/uploads\/2025\/10\/IMG_0962-1024x559.jpg\" alt=\"\" class=\"wp-image-435\" srcset=\"https:\/\/www.giantmarine.com\/uploads\/2025\/10\/IMG_0962-1024x559.jpg 1024w, https:\/\/www.giantmarine.com\/uploads\/2025\/10\/IMG_0962-300x164.jpg 300w, https:\/\/www.giantmarine.com\/uploads\/2025\/10\/IMG_0962-768x419.jpg 768w, https:\/\/www.giantmarine.com\/uploads\/2025\/10\/IMG_0962.jpg 1125w\" sizes=\"auto, (max-width: 1024px) 100vw, 1024px\" \/><figcaption class=\"wp-element-caption\">Hebo Sub 1<\/figcaption><\/figure>\n\n\n\n<figure class=\"wp-block-image size-large\"><img loading=\"lazy\" decoding=\"async\" width=\"1024\" height=\"554\" src=\"https:\/\/www.giantmarine.com\/uploads\/2025\/10\/Capture-decran-2025-10-31-a-11.44.34-1024x554.png\" alt=\"\" class=\"wp-image-477\" srcset=\"https:\/\/www.giantmarine.com\/uploads\/2025\/10\/Capture-decran-2025-10-31-a-11.44.34-1024x554.png 1024w, https:\/\/www.giantmarine.com\/uploads\/2025\/10\/Capture-decran-2025-10-31-a-11.44.34-300x162.png 300w, https:\/\/www.giantmarine.com\/uploads\/2025\/10\/Capture-decran-2025-10-31-a-11.44.34-768x415.png 768w, https:\/\/www.giantmarine.com\/uploads\/2025\/10\/Capture-decran-2025-10-31-a-11.44.34.png 1332w\" sizes=\"auto, (max-width: 1024px) 100vw, 1024px\" \/><\/figure>\n\n\n\n<p><\/p>\n\n\n\n<p><\/p>\n\n\n\n<p><\/p>\n","protected":false},"excerpt":{"rendered":"","protected":false},"author":4,"featured_media":0,"parent":0,"menu_order":0,"comment_status":"closed","ping_status":"closed","template":"","meta":{"footnotes":""},"class_list":["post-410","page","type-page","status-publish","hentry"],"_links":{"self":[{"href":"https:\/\/www.giantmarine.com\/index.php\/wp-json\/wp\/v2\/pages\/410","targetHints":{"allow":["GET"]}}],"collection":[{"href":"https:\/\/www.giantmarine.com\/index.php\/wp-json\/wp\/v2\/pages"}],"about":[{"href":"https:\/\/www.giantmarine.com\/index.php\/wp-json\/wp\/v2\/types\/page"}],"author":[{"embeddable":true,"href":"https:\/\/www.giantmarine.com\/index.php\/wp-json\/wp\/v2\/users\/4"}],"replies":[{"embeddable":true,"href":"https:\/\/www.giantmarine.com\/index.php\/wp-json\/wp\/v2\/comments?post=410"}],"version-history":[{"count":1,"href":"https:\/\/www.giantmarine.com\/index.php\/wp-json\/wp\/v2\/pages\/410\/revisions"}],"predecessor-version":[{"id":478,"href":"https:\/\/www.giantmarine.com\/index.php\/wp-json\/wp\/v2\/pages\/410\/revisions\/478"}],"wp:attachment":[{"href":"https:\/\/www.giantmarine.com\/index.php\/wp-json\/wp\/v2\/media?parent=410"}],"curies":[{"name":"wp","href":"https:\/\/api.w.org\/{rel}","templated":true}]}}