{"id":216,"date":"2021-06-25T10:48:45","date_gmt":"2021-06-25T10:48:45","guid":{"rendered":"https:\/\/www.giantmarine.com\/index.php\/contact-us-2\/"},"modified":"2022-06-07T12:58:37","modified_gmt":"2022-06-07T12:58:37","slug":"contact-fr","status":"publish","type":"page","link":"https:\/\/www.giantmarine.com\/index.php\/fr\/contact-fr\/","title":{"rendered":"Contact"},"content":{"rendered":"\n<p>Vous pouvez nous contacter \u00e0 l&#8217;adresse&nbsp;<a href=\"mailto:info@giantmarine.com\">info@giantmarine.com<\/a>&nbsp;ou au +<strong>&nbsp;33 1 39 63 37 37<\/strong>. Vous \u00eates \u00e9galement les bienvenus dans nos locaux \u00e0 deux pas de Notre-Dame, au 13, rue S\u00e9guier, 75006 Paris. <\/p>\n\n\n\n<p><\/p>\n\n\n\n<p><\/p>\n","protected":false},"excerpt":{"rendered":"<p>Vous pouvez nous contacter \u00e0 l&#8217;adresse&nbsp;info@giantmarine.com&nbsp;ou au +&nbsp;33 1 39 63 37 37. Vous \u00eates \u00e9galement les bienvenus dans nos locaux \u00e0 deux pas de Notre-Dame, au 13, rue S\u00e9guier, 75006 Paris.<\/p>\n","protected":false},"author":4,"featured_media":0,"parent":0,"menu_order":6,"comment_status":"closed","ping_status":"closed","template":"","meta":{"footnotes":""},"class_list":["post-216","page","type-page","status-publish","hentry"],"_links":{"self":[{"href":"https:\/\/www.giantmarine.com\/index.php\/wp-json\/wp\/v2\/pages\/216","targetHints":{"allow":["GET"]}}],"collection":[{"href":"https:\/\/www.giantmarine.com\/index.php\/wp-json\/wp\/v2\/pages"}],"about":[{"href":"https:\/\/www.giantmarine.com\/index.php\/wp-json\/wp\/v2\/types\/page"}],"author":[{"embeddable":true,"href":"https:\/\/www.giantmarine.com\/index.php\/wp-json\/wp\/v2\/users\/4"}],"replies":[{"embeddable":true,"href":"https:\/\/www.giantmarine.com\/index.php\/wp-json\/wp\/v2\/comments?post=216"}],"version-history":[{"count":2,"href":"https:\/\/www.giantmarine.com\/index.php\/wp-json\/wp\/v2\/pages\/216\/revisions"}],"predecessor-version":[{"id":307,"href":"https:\/\/www.giantmarine.com\/index.php\/wp-json\/wp\/v2\/pages\/216\/revisions\/307"}],"wp:attachment":[{"href":"https:\/\/www.giantmarine.com\/index.php\/wp-json\/wp\/v2\/media?parent=216"}],"curies":[{"name":"wp","href":"https:\/\/api.w.org\/{rel}","templated":true}]}}