{"id":214,"date":"2021-06-25T10:48:37","date_gmt":"2021-06-25T10:48:37","guid":{"rendered":"https:\/\/www.giantmarine.com\/index.php\/salvage-2\/"},"modified":"2025-10-31T10:41:46","modified_gmt":"2025-10-31T10:41:46","slug":"salvage-fr","status":"publish","type":"page","link":"https:\/\/www.giantmarine.com\/index.php\/fr\/salvage-fr\/","title":{"rendered":"Renflouements et anti-pollution"},"content":{"rendered":"\n<div class=\"wp-block-media-text alignwide is-stacked-on-mobile\" style=\"grid-template-columns:36% auto\"><figure class=\"wp-block-media-text__media\"><a href=\"https:\/\/www.hebo-maritiemservice.com\/en\/\" target=\"_blank\" rel=\"noopener\"><img loading=\"lazy\" decoding=\"async\" width=\"440\" height=\"121\" src=\"https:\/\/www.giantmarine.com\/uploads\/2021\/05\/hebo.png\" alt=\"\" class=\"wp-image-44 size-full\" srcset=\"https:\/\/www.giantmarine.com\/uploads\/2021\/05\/hebo.png 440w, https:\/\/www.giantmarine.com\/uploads\/2021\/05\/hebo-300x83.png 300w\" sizes=\"auto, (max-width: 440px) 100vw, 440px\" \/><\/a><\/figure><div class=\"wp-block-media-text__content\">\n<hr class=\"wp-block-separator has-css-opacity\"\/>\n\n\n\n<p style=\"font-size:21px\">Avec notre partenaire, <strong>Hebo MaritiemService<\/strong>, dont nous sommes l\u2019agent exclusif en France, nous vous proposons divers services, \u00e0 l&#8217;instar d\u2019\u00e9tudes, de mises \u00e0 disposition de navires et mat\u00e9riels pour les renflouements de navires, de dispositifs de sauvetage et de lutte anti-pollution. Leurs \u00e9quipes sont disponibles 24\/7 pour vos interventions d&#8217;urgence. <\/p>\n<\/div><\/div>\n\n\n\n<figure class=\"wp-block-gallery has-nested-images columns-default is-cropped wp-block-gallery-1 is-layout-flex wp-block-gallery-is-layout-flex\">\n<figure class=\"wp-block-image size-large\"><img loading=\"lazy\" decoding=\"async\" width=\"720\" height=\"452\" data-id=\"161\" src=\"https:\/\/www.giantmarine.com\/uploads\/2021\/06\/Image6.jpg\" alt=\"\" class=\"wp-image-161\" srcset=\"https:\/\/www.giantmarine.com\/uploads\/2021\/06\/Image6.jpg 720w, https:\/\/www.giantmarine.com\/uploads\/2021\/06\/Image6-300x188.jpg 300w\" sizes=\"auto, (max-width: 720px) 100vw, 720px\" \/><\/figure>\n\n\n\n<figure class=\"wp-block-image size-large\"><img loading=\"lazy\" decoding=\"async\" width=\"648\" height=\"356\" data-id=\"164\" src=\"https:\/\/www.giantmarine.com\/uploads\/2021\/06\/Image7-1.jpg\" alt=\"\" class=\"wp-image-164\" srcset=\"https:\/\/www.giantmarine.com\/uploads\/2021\/06\/Image7-1.jpg 648w, https:\/\/www.giantmarine.com\/uploads\/2021\/06\/Image7-1-300x165.jpg 300w\" sizes=\"auto, (max-width: 648px) 100vw, 648px\" \/><\/figure>\n<\/figure>\n\n\n\n<figure class=\"wp-block-gallery has-nested-images columns-default is-cropped wp-block-gallery-2 is-layout-flex wp-block-gallery-is-layout-flex\">\n<figure class=\"wp-block-image size-large\"><img loading=\"lazy\" decoding=\"async\" width=\"1024\" height=\"576\" data-id=\"428\" src=\"https:\/\/new.giantmarine.com\/uploads\/2025\/10\/WhatsApp-Image-2025-08-06-a-17.24.02_3f7dc5301-1024x576.jpg\" alt=\"\" class=\"wp-image-428\" srcset=\"https:\/\/www.giantmarine.com\/uploads\/2025\/10\/WhatsApp-Image-2025-08-06-a-17.24.02_3f7dc5301-1024x576.jpg 1024w, https:\/\/www.giantmarine.com\/uploads\/2025\/10\/WhatsApp-Image-2025-08-06-a-17.24.02_3f7dc5301-300x169.jpg 300w, https:\/\/www.giantmarine.com\/uploads\/2025\/10\/WhatsApp-Image-2025-08-06-a-17.24.02_3f7dc5301-768x432.jpg 768w, https:\/\/www.giantmarine.com\/uploads\/2025\/10\/WhatsApp-Image-2025-08-06-a-17.24.02_3f7dc5301-1536x864.jpg 1536w, https:\/\/www.giantmarine.com\/uploads\/2025\/10\/WhatsApp-Image-2025-08-06-a-17.24.02_3f7dc5301-2048x1152.jpg 2048w, https:\/\/www.giantmarine.com\/uploads\/2025\/10\/WhatsApp-Image-2025-08-06-a-17.24.02_3f7dc5301-940x528.jpg 940w\" sizes=\"auto, (max-width: 1024px) 100vw, 1024px\" \/><\/figure>\n<\/figure>\n\n\n\n<figure class=\"wp-block-image size-full\"><img loading=\"lazy\" decoding=\"async\" width=\"1024\" height=\"632\" src=\"https:\/\/new.giantmarine.com\/uploads\/2025\/10\/image001-1-1024x632-1.jpg\" alt=\"\" class=\"wp-image-430\" srcset=\"https:\/\/www.giantmarine.com\/uploads\/2025\/10\/image001-1-1024x632-1.jpg 1024w, https:\/\/www.giantmarine.com\/uploads\/2025\/10\/image001-1-1024x632-1-300x185.jpg 300w, https:\/\/www.giantmarine.com\/uploads\/2025\/10\/image001-1-1024x632-1-768x474.jpg 768w\" sizes=\"auto, (max-width: 1024px) 100vw, 1024px\" \/><\/figure>\n","protected":false},"excerpt":{"rendered":"","protected":false},"author":4,"featured_media":0,"parent":0,"menu_order":4,"comment_status":"closed","ping_status":"closed","template":"","meta":{"footnotes":""},"class_list":["post-214","page","type-page","status-publish","hentry"],"_links":{"self":[{"href":"https:\/\/www.giantmarine.com\/index.php\/wp-json\/wp\/v2\/pages\/214","targetHints":{"allow":["GET"]}}],"collection":[{"href":"https:\/\/www.giantmarine.com\/index.php\/wp-json\/wp\/v2\/pages"}],"about":[{"href":"https:\/\/www.giantmarine.com\/index.php\/wp-json\/wp\/v2\/types\/page"}],"author":[{"embeddable":true,"href":"https:\/\/www.giantmarine.com\/index.php\/wp-json\/wp\/v2\/users\/4"}],"replies":[{"embeddable":true,"href":"https:\/\/www.giantmarine.com\/index.php\/wp-json\/wp\/v2\/comments?post=214"}],"version-history":[{"count":2,"href":"https:\/\/www.giantmarine.com\/index.php\/wp-json\/wp\/v2\/pages\/214\/revisions"}],"predecessor-version":[{"id":474,"href":"https:\/\/www.giantmarine.com\/index.php\/wp-json\/wp\/v2\/pages\/214\/revisions\/474"}],"wp:attachment":[{"href":"https:\/\/www.giantmarine.com\/index.php\/wp-json\/wp\/v2\/media?parent=214"}],"curies":[{"name":"wp","href":"https:\/\/api.w.org\/{rel}","templated":true}]}}